{"id":2959,"date":"2018-03-06T23:32:38","date_gmt":"2018-03-06T22:32:38","guid":{"rendered":"http:\/\/www.aussermairhof.it\/vacanze-invernali-ad-acereto\/"},"modified":"2018-03-07T00:52:35","modified_gmt":"2018-03-06T23:52:35","slug":"vacanze-invernali-ad-acereto","status":"publish","type":"page","link":"https:\/\/www.aussermairhof.it\/it\/vacanze-invernali-ad-acereto\/","title":{"rendered":"VACANZE INVERNALI AD ACERETO"},"content":{"rendered":"[vc_row full_width=&#8221;stretch_row&#8221; css=&#8221;.vc_custom_1457031834943{padding-top: 50px !important;padding-bottom: 50px !important;background-color: #967a50 !important;}&#8221;][vc_column width=&#8221;1\/12&#8243; offset=&#8221;vc_col-lg-2 vc_col-md-1&#8243;][\/vc_column][vc_column width=&#8221;5\/6&#8243; offset=&#8221;vc_col-lg-8&#8243;]<h2 class=\"calluna-heading calluna-heading-single-line text-align-center \" ><span>Un paradiso invernale in Alto Adige<\/span><\/h2>[vc_column_text css_animation=&#8221;top-to-bottom&#8221; css=&#8221;.vc_custom_1520380279223{padding-right: 50px !important;padding-left: 50px !important;}&#8221;]\n<p style=\"text-align: center;\"><strong>Vacanze invernali ad Acereto<\/strong><\/p>\n<p style=\"text-align: center;\">Campo Tures &#8211; Valli di Tures e Aurina<\/p>\n<p style=\"text-align: center;\">Che si tratti di una vacanza in famiglia, di attivit\u00e0 sportive o di un viaggio di piacere<\/p>\n<p style=\"text-align: center;\">Vivete l&#8217;inverno al meglio.<\/p>\n[\/vc_column_text][\/vc_column][vc_column width=&#8221;1\/12&#8243; offset=&#8221;vc_col-lg-2&#8243;][\/vc_column][\/vc_row][vc_row 0=&#8221;&#8221;][vc_column 0=&#8221;&#8221;][vc_column_text 0=&#8221;&#8221;]\n<p style=\"background: white; margin: 0cm 0cm 7.5pt 0cm;\"><span lang=\"IT\" style=\"font-family: 'Arial',sans-serif;\">&#8220;SKI HOCH 3&#8221; &#8211; i comprensori sciistici KRONPLATZ, SPEIKBODEN e KLAUSBERG offrono a ciascuno il piacere di sciare a sua scelta. Piste ottimamente preparate (principiante, intermedio ed esperto) ed elevata sicurezza d&#8217;innevamento garantiscono una vacanza sciistica di successo da inizio dicembre a met\u00e0 aprile.<\/span><\/p>\n<p style=\"margin: 0cm; margin-bottom: .0001pt; background: white;\"><span lang=\"IT\" style=\"font-family: 'Arial',sans-serif;\">Principianti e bambini possono imparare <strong><span style=\"font-family: 'Arial',sans-serif;\">a<\/span><\/strong> sciare nel minicomprensorio sciistico di Riva.\u00a0Anche a Riobianco c&#8217;\u00e8 una piccola sciovia per famiglie. Se qualcuno desidera provare il Rennb\u00f6ckl, il Tubingreifen o lo slittino, il winter park per famiglie di Selva dei Molini &#8211; TAMARIX &#8211; \u00e8 il posto giusto per lui.<\/span><\/p>\n<p style=\"background: white; margin: 0cm 0cm 7.5pt 0cm;\"><span lang=\"IT\" style=\"font-family: 'Arial',sans-serif;\">Gli appassionati di slittino troveranno splendidi sentieri escursionistici invernali con capanne gestite che noleggiano anche slittini per le piste. Per una volta provate anche una discesa in slittino al chiaro di luna &#8211; un&#8217;esperienza fantastica.<\/span><\/p>\n<p style=\"margin: 0cm; margin-bottom: .0001pt; background: white;\"><span lang=\"IT\" style=\"font-family: 'Arial',sans-serif;\">La pista da sci di fondo di Riva di Tures \u00e8 una delle <\/span><span lang=\"IT\"><a href=\"http:\/\/www.kronplatz.com\/de\/sand-in-taufers\/winter\/langlauf\"><span style=\"font-family: 'Arial',sans-serif;\">migliori<\/span><\/a><\/span><span lang=\"IT\" style=\"font-family: 'Arial',sans-serif;\"> del &#8220;<strong><span style=\"font-family: 'Arial',sans-serif;\">carosello della Dolomiti Nordic Ski<\/span><\/strong>&#8220;. A Selva dei Molini, inoltre, una pista da sci di fondo <strong><span style=\"font-family: 'Arial',sans-serif;\">di 16 km<\/span><\/strong> attende gli amanti degli sport invernali. A Casere, a fondovalle, c&#8217;\u00e8 anche un idilliaco mondo invernale con una bella pista di sci di fondo.<\/span><\/p>\n<p style=\"margin: 0cm; margin-bottom: .0001pt; background: white;\"><span lang=\"IT\" style=\"font-family: 'Arial',sans-serif;\">Gli avventurosi vi si mettono in marcia per <\/span><span lang=\"IT\"><a href=\"http:\/\/www.kronplatz.com\/de\/sand-in-taufers\/winter\/skitouren\"><span style=\"font-family: 'Arial',sans-serif;\">un giro sugli sci<\/span><\/a><\/span><span lang=\"IT\" style=\"font-family: 'Arial',sans-serif;\"> ed <\/span><span lang=\"IT\"><a href=\"http:\/\/www.kronplatz.com\/de\/sand-in-taufers\/winter\/schneeschuhwandern\"><span style=\"font-family: 'Arial',sans-serif;\">escursioni con racchette da neve<\/span><\/a><\/span><span lang=\"IT\" style=\"font-family: 'Arial',sans-serif;\"> verso il regno delle 84 cime di tremila metri.<\/span><\/p>\n<p style=\"margin: 0cm; margin-bottom: .0001pt; background: white;\"><span lang=\"IT\" style=\"font-family: 'Arial',sans-serif;\">Chi ama le attrazioni speciali \u00e8 nel posto giusto <\/span><span lang=\"IT\"><a href=\"http:\/\/www.kronplatz.com\/de\/sand-in-taufers\/winter\/eisklettern\"><span style=\"font-family: 'Arial',sans-serif;\">a<\/span><\/a><\/span><span lang=\"IT\" style=\"font-family: 'Arial',sans-serif;\"> Riva e Lappago per arrampicate su ghiaccio. Avventurosamente in giro con piccozza alpina e ramponi su <strong><span style=\"font-family: 'Arial',sans-serif;\">cascate ghiacciate<\/span><\/strong> e giganteschi <strong><span style=\"font-family: 'Arial',sans-serif;\">ghiaccioli<\/span><\/strong>.<\/span><\/p>\n[\/vc_column_text][\/vc_column][\/vc_row]\n","protected":false},"excerpt":{"rendered":"<p>[vc_row full_width=&#8221;stretch_row&#8221; css=&#8221;.vc_custom_1457031834943{padding-top: 50px !important;padding-bottom: 50px !important;background-color: #967a50 !important;}&#8221;][vc_column width=&#8221;1\/12&#8243; offset=&#8221;vc_col-lg-2 vc_col-md-1&#8243;][\/vc_column][vc_column width=&#8221;5\/6&#8243; offset=&#8221;vc_col-lg-8&#8243;][vc_column_text css_animation=&#8221;top-to-bottom&#8221; css=&#8221;.vc_custom_1520380279223{padding-right: 50px !important;padding-left: 50px !important;}&#8221;] Vacanze invernali ad Acereto Campo Tures &#8211; Valli di Tures e Aurina Che si tratti di una vacanza in famiglia, di attivit\u00e0 sportive o di un viaggio di piacere Vivete l&#8217;inverno al meglio. [\/vc_column_text][\/vc_column][vc_column width=&#8221;1\/12&#8243; [&hellip;]<\/p>\n","protected":false},"author":2,"featured_media":0,"parent":0,"menu_order":0,"comment_status":"closed","ping_status":"closed","template":"","meta":{"footnotes":""},"class_list":["post-2959","page","type-page","status-publish","hentry"],"_links":{"self":[{"href":"https:\/\/www.aussermairhof.it\/it\/wp-json\/wp\/v2\/pages\/2959","targetHints":{"allow":["GET"]}}],"collection":[{"href":"https:\/\/www.aussermairhof.it\/it\/wp-json\/wp\/v2\/pages"}],"about":[{"href":"https:\/\/www.aussermairhof.it\/it\/wp-json\/wp\/v2\/types\/page"}],"author":[{"embeddable":true,"href":"https:\/\/www.aussermairhof.it\/it\/wp-json\/wp\/v2\/users\/2"}],"replies":[{"embeddable":true,"href":"https:\/\/www.aussermairhof.it\/it\/wp-json\/wp\/v2\/comments?post=2959"}],"version-history":[{"count":0,"href":"https:\/\/www.aussermairhof.it\/it\/wp-json\/wp\/v2\/pages\/2959\/revisions"}],"wp:attachment":[{"href":"https:\/\/www.aussermairhof.it\/it\/wp-json\/wp\/v2\/media?parent=2959"}],"curies":[{"name":"wp","href":"https:\/\/api.w.org\/{rel}","templated":true}]}}