	{"id":2942,"date":"2018-03-06T22:39:40","date_gmt":"2018-03-06T21:39:40","guid":{"rendered":"http:\/\/www.aussermairhof.it\/la-vita-nella-fattoria-biologica\/"},"modified":"2020-01-22T06:24:39","modified_gmt":"2020-01-22T05:24:39","slug":"la-vita-nella-fattoria-biologica","status":"publish","type":"page","link":"https:\/\/www.aussermairhof.it\/it\/la-vita-nella-fattoria-biologica\/","title":{"rendered":"La vita nella fattoria biologica"},"content":{"rendered":"[vc_row full_width=&#8221;stretch_row_content&#8221; el_class=&#8221;white-accent-pattern&#8221; css=&#8221;.vc_custom_1457435233470{padding-top: 4% !important;padding-bottom: 4% !important;}&#8221;][vc_column css=&#8221;.vc_custom_1457434126070{padding-top: 5% !important;padding-right: 12% !important;padding-bottom: 4% !important;padding-left: 16% !important;background-color: #ffffff !important;}&#8221; offset=&#8221;vc_col-md-6&#8243;]<h3 class=\"calluna-heading calluna-heading-none text-align-left \" style=\"color: #991a3b;\"><span>CIAO - IO SONO HEIDI, LA CONTADINA DI AUSSERMAIRHOF<\/span><\/h3>[vc_column_text css=&#8221;.vc_custom_1579670920666{margin-bottom: 35px !important;}&#8221; el_class=&#8221;separator&#8221;]Quando mio marito Thomas \u00e8 al lavoro, io e mia suocera Marianna ci occupiamo della <strong>stalla<\/strong>, nutrendo gli animali e mungendoli. Thomas lavora vicino alla fattoria, in nella nostra associazione turistica a Campo Tures. Investiamo il suo reddito nella nostra azienda agricola biologica. Questo ci consente di modernizzare il nostro macchinario, di risistemare sentieri e muretti e, di recente, ci sono usciti persino una gru da <strong>fieno<\/strong> e un sistema di <strong>aereazione<\/strong> del fienile.[\/vc_column_text][vc_empty_space height=&#8221;26px&#8221;][\/vc_column][vc_column css=&#8221;.vc_custom_1457434136395{padding-top: 5% !important;padding-right: 16% !important;padding-bottom: 4% !important;padding-left: 12% !important;}&#8221; offset=&#8221;vc_col-md-6&#8243; el_class=&#8221;accent-background&#8221;]    <div class=\"image-gallery\">\n            <div id=\"69e74de10cfb7-carousel\" class=\"carousel slide\" data-ride=\"carousel\">\n            \t                                \t<div class=\"carousel-inner\">\n\t\t\t\t\t\t\t\t\t\t\t\t\t\t\t                                <div class=\"item active\">\n\t\t\t\t\t\t\t\t\t\t\t\t\t\t\t\t\t\t\t\t\t\t\t\t\t\t\t\t<!-- Image -->\n\t\t\t\t\t\t\t\t\t\t<a href=\"https:\/\/www.aussermairhof.it\/wp-content\/uploads\/2017\/05\/heidi-zimmerhofer-urlaub-auf-dem-bauernhof-ahornach-ahrntal.jpg\" class=\"link_image prettyphoto\" rel=\"prettyPhoto\"><img loading=\"lazy\" decoding=\"async\" width=\"638\" height=\"638\" src=\"https:\/\/www.aussermairhof.it\/wp-content\/uploads\/2017\/05\/heidi-zimmerhofer-urlaub-auf-dem-bauernhof-ahornach-ahrntal.jpg\" class=\"attachment-full size-full\" alt=\"\" srcset=\"https:\/\/www.aussermairhof.it\/wp-content\/uploads\/2017\/05\/heidi-zimmerhofer-urlaub-auf-dem-bauernhof-ahornach-ahrntal.jpg 638w, https:\/\/www.aussermairhof.it\/wp-content\/uploads\/2017\/05\/heidi-zimmerhofer-urlaub-auf-dem-bauernhof-ahornach-ahrntal-300x300.jpg 300w\" sizes=\"auto, (max-width: 638px) 100vw, 638px\" \/><\/a>\n\t\t\t\t\t\t\t\t\t\t\t\t\t\t\t\t\t\t                                <\/div>\n                                \n\t\t\t\t\t\t\t\t\t\t\t\t\t\t                     <\/div>\n                     <div class=\"gallery_button_wrapper\">\n                    <a class=\"left carousel-control\" href=\"#69e74de10cfb7-carousel\" data-slide=\"prev\">\n                    <span class=\"icon-left\"><\/span>\n                <\/a>\n                <\/div>\n                <div class=\"gallery_button_wrapper\">\n                    <a class=\"right carousel-control\" href=\"#69e74de10cfb7-carousel\" data-slide=\"next\">\n                    <span class=\"icon-right\"><\/span>\n                <\/a>\n                <\/div>\n\t\t\t\t\t                \n           <\/div>\n  \t\t  <\/div>\n\t\n\t[\/vc_column][\/vc_row][vc_row full_width=&#8221;stretch_row_content&#8221; css=&#8221;.vc_custom_1491915868632{background: #991a3b url(https:\/\/www.aussermairhof.it\/wp-content\/uploads\/2015\/08\/calluna_signet-rot.png?id=2534) !important;background-position: center !important;background-repeat: no-repeat !important;background-size: cover !important;}&#8221;][vc_column width=&#8221;1\/6&#8243;][\/vc_column][vc_column width=&#8221;4\/6&#8243; css=&#8221;.vc_custom_1441787535566{padding-top: 8% !important;padding-bottom: 9% !important;}&#8221;]<h2 class=\"calluna-heading calluna-heading-single-line text-align-center \" style=\"color: #ffffff;\"><span>NATURA MERAVIGLIOSA<\/span><\/h2>[vc_column_text css_animation=&#8221;top-to-bottom&#8221; el_id=&#8221;ruhe&#8221;]\n<h5 style=\"text-align: center;\">PER POTER DARE ORDINI ALLA NATURA,<strong><br \/>\n<\/strong>LE SI DEVE OBBEDIRE<\/h5>\n<h5 style=\"text-align: center;\">Francis Bacon<\/h5>\n[\/vc_column_text][\/vc_column][vc_column width=&#8221;1\/6&#8243;][\/vc_column][\/vc_row][vc_row][vc_column][vc_column_text]\n<h3>TUTTA LA FAMIGLIA AIUTA A GESTIRE L&#8217;AZIENDA AGRICOLA<\/h3>\n<p style=\"background: white; margin: 0cm 0cm 7.5pt 0cm;\"><span lang=\"IT\" style=\"font-family: 'Arial',sans-serif;\">In estate i nostri figli Annalena, Katharina, Joachim e Lorenz danno regolarmente il loro contributo alla raccolta del fieno. C&#8217;\u00e8 parecchio da fare sui 6 ettari di prati e sull&#8217;ettaro e mezzo di malga. Inoltre, falciamo anche 4 ettari di prato in affitto. Da esso le nostre mucche producono un meraviglioso latte fieno.<\/span><\/p>\n<h3>IL NOSTRO SECONDO PILASTRO \u00c8 LA VACANZA NELL&#8217;AZIENDA AGRICOLA BIOLOGICA<\/h3>\n<p>Con il marchio di qualit\u00e0 &#8220;Gallo Rosso&#8221; affittiamo <strong>2 appartamenti-vacanze in stile rustico &#8211; su richiesta con colazione<\/strong>. Nel frattempo siamo riusciti a ottenere la <strong>certificazione biologica per la coltivazione di 4 fiori<\/strong>. Ne siamo orgogliosi.<\/p>\n<h3>DA POCO HO REALIZZATO UN PICCOLO SOGNO<\/h3>\n<p>e abbiamo creato <strong>un&#8217;area<\/strong> <strong>benessere<\/strong> alpina nel seminterrato. Al termine del sentiero <strong>a<\/strong> piedi nudi nel nostro giardino si trova l&#8217;ingresso alla piccola e raffinata area di riposo. Il letto di fieno profuma <strong>della nostra malga alle baite &#8220;Lobiser Schupfen&#8221;<\/strong>. Poltrone relax, una doccia idromassaggio e una cabina integrata a raggi infrarossi Physiotherm costituiscono altres\u00ec il perfetto coronamento della mia idea di benessere <strong>alpino<\/strong>. Le mucche al pascolo, un paio di polli &#8211; ed ecco che il mio sogno \u00e8 diventato realt\u00e0.<\/p>\n<h3>UN MOTIVO PER CONTINUARE A SOGNARE&#8230;<\/h3>\n<p>Heuer haben wir uns entschlossen, an <strong>\u201eS\u00fcdtirol Balance\u201c<\/strong> teilzunehmen. Wir freuen uns sehr, Teil dieser Gemeinschaft zu sein. Es ist uns wichtig, dass unsere G\u00e4ste sich rundherum wohlf\u00fchlen. So habe ich mir auch \u00fcberlegt, bis zu <strong>3 x die Woche Abendessen in unserem Aufenthaltsraum<\/strong> anzubieten.<\/p>\n<h3>QUALE PROGRAMMA PER IL PROSSIMO FUTURO?<\/h3>\n<p>Ho davvero un altro obiettivo ambizioso &#8211; altrimenti non mi chiamerei Heidi.<br \/>\nVorrei scrivere brevi racconti sulla fattoria, il paesaggio, le tradizioni. A tal fine abbiamo aggiornato un po&#8217; il nostro sito web, inserendovi anche un blog. Onestamente &#8211; al momento \u00e8 pi\u00f9 il sistema a dominare me che non il contrario &#8211; ma sono fiduciosa di riuscire a sorprendervi ogni tanto con un pezzo di Aussermairhof sul cellulare o sul computer anche al di fuori del periodo delle vacanze.<\/p>\n<h3>SIAMO LIETI<\/h3>\n<p>se decidete di trascorrere una vacanza nel nostro agriturismo biologico. Siamo ansiosi di fare del vostro soggiorno un&#8217;esperienza splendida.<\/p>\n<p>Molto cordialmente,<\/p>\n<p>Heidi\u00a0mit Thomas, Annalena, Katharina, Joachim und Lorenz sowie Marianna[\/vc_column_text][\/vc_column][\/vc_row]\n","protected":false},"excerpt":{"rendered":"<p>[vc_row full_width=&#8221;stretch_row_content&#8221; el_class=&#8221;white-accent-pattern&#8221; css=&#8221;.vc_custom_1457435233470{padding-top: 4% !important;padding-bottom: 4% !important;}&#8221;][vc_column css=&#8221;.vc_custom_1457434126070{padding-top: 5% !important;padding-right: 12% !important;padding-bottom: 4% !important;padding-left: 16% !important;background-color: #ffffff !important;}&#8221; offset=&#8221;vc_col-md-6&#8243;][vc_column_text css=&#8221;.vc_custom_1579670920666{margin-bottom: 35px !important;}&#8221; el_class=&#8221;separator&#8221;]Quando mio marito Thomas \u00e8 al lavoro, io e mia suocera Marianna ci occupiamo della stalla, nutrendo gli animali e mungendoli. Thomas lavora vicino alla fattoria, in nella nostra associazione turistica a [&hellip;]<\/p>\n","protected":false},"author":2,"featured_media":0,"parent":0,"menu_order":0,"comment_status":"closed","ping_status":"open","template":"","meta":{"footnotes":""},"class_list":["post-2942","page","type-page","status-publish","hentry"],"_links":{"self":[{"href":"https:\/\/www.aussermairhof.it\/it\/wp-json\/wp\/v2\/pages\/2942","targetHints":{"allow":["GET"]}}],"collection":[{"href":"https:\/\/www.aussermairhof.it\/it\/wp-json\/wp\/v2\/pages"}],"about":[{"href":"https:\/\/www.aussermairhof.it\/it\/wp-json\/wp\/v2\/types\/page"}],"author":[{"embeddable":true,"href":"https:\/\/www.aussermairhof.it\/it\/wp-json\/wp\/v2\/users\/2"}],"replies":[{"embeddable":true,"href":"https:\/\/www.aussermairhof.it\/it\/wp-json\/wp\/v2\/comments?post=2942"}],"version-history":[{"count":0,"href":"https:\/\/www.aussermairhof.it\/it\/wp-json\/wp\/v2\/pages\/2942\/revisions"}],"wp:attachment":[{"href":"https:\/\/www.aussermairhof.it\/it\/wp-json\/wp\/v2\/media?parent=2942"}],"curies":[{"name":"wp","href":"https:\/\/api.w.org\/{rel}","templated":true}]}}